{"id":1421,"date":"2019-01-16T19:05:06","date_gmt":"2019-01-16T19:05:06","guid":{"rendered":"https:\/\/gdp.cat\/?page_id=1421"},"modified":"2022-03-02T12:13:15","modified_gmt":"2022-03-02T12:13:15","slug":"contactar-amb-empresa-de-reciclatge-darids","status":"publish","type":"page","link":"https:\/\/gdp.cat\/ca\/contactar-amb-empresa-de-reciclatge-darids\/","title":{"rendered":"Contactar amb empresa de reciclatge d&#8217;\u00e0rids"},"content":{"rendered":"<p>[vc_row full_width=&#8221;stretch_row_content_no_spaces&#8221; css=&#8221;.vc_custom_1538097264836{margin-top: 0px !important;margin-bottom: 0px !important;border-top-width: 0px !important;border-bottom-width: 0px !important;padding-top: 0px !important;padding-bottom: 0px !important;}&#8221;][vc_column css=&#8221;.vc_custom_1538097305937{margin-top: 0px !important;margin-bottom: 0px !important;border-top-width: 0px !important;border-bottom-width: 0px !important;padding-top: 0px !important;padding-bottom: 0px !important;}&#8221;][vc_gmaps link=&#8221;#E-8_JTNDaWZyYW1lJTIwc3JjJTNEJTIyaHR0cHMlM0ElMkYlMkZ3d3cuZ29vZ2xlLmNvbSUyRm1hcHMlMkZlbWJlZCUzRnBiJTNEJTIxMW0xNCUyMTFtOCUyMTFtMyUyMTFkMTE5MjguODc0OTI1NDAzMTI1JTIxMmQyLjE4MDIxMSUyMTNkNDEuNjI5NDAzMyUyMTNtMiUyMTFpMTAyNCUyMTJpNzY4JTIxNGYxMy4xJTIxM20zJTIxMW0yJTIxMXMweDAlMjUzQTB4NDZhODE4ZDE5ZTZjYjE1OSUyMTJzR0RQJTI1MjBSRUNZQ0xJTkclMjUyMFBST0NFU1MlMjUyMFMuTC4lMjE1ZTAlMjEzbTIlMjExc2VzJTIxMnNlcyUyMTR2MTY0NjIyMzI0NDk3OSUyMTVtMiUyMTFzZXMlMjEyc2VzJTIyJTIwd2lkdGglM0QlMjI2MDAlMjIlMjBoZWlnaHQlM0QlMjI0NTAlMjIlMjBzdHlsZSUzRCUyMmJvcmRlciUzQTAlM0IlMjIlMjBhbGxvd2Z1bGxzY3JlZW4lM0QlMjIlMjIlMjBsb2FkaW5nJTNEJTIybGF6eSUyMiUzRSUzQyUyRmlmcmFtZSUzRQ==&#8221;][\/vc_column][\/vc_row][vc_row css=&#8221;.vc_custom_1538099659308{padding-bottom: 40px !important;}&#8221;][vc_column width=&#8221;1\/3&#8243; offset=&#8221;vc_col-lg-offset-0&#8243;][vc_row_inner][vc_column_inner width=&#8221;1\/4&#8243;][vc_single_image image=&#8221;1077&#8243; img_size=&#8221;full&#8221; alignment=&#8221;right&#8221;][\/vc_column_inner][vc_column_inner width=&#8221;3\/4&#8243;]<div id=\"ultimate-heading-554969df0ca4a05f3\" class=\"uvc-heading ult-adjust-bottom-margin ultimate-heading-554969df0ca4a05f3 uvc-6327 \" data-hspacer=\"no_spacer\"  data-halign=\"left\" style=\"text-align:left\"><div class=\"uvc-heading-spacer no_spacer\" style=\"top\"><\/div><div class=\"uvc-main-heading ult-responsive\"  data-ultimate-target='.uvc-heading.ultimate-heading-554969df0ca4a05f3 h2'  data-responsive-json-new='{\"font-size\":\"desktop:14px;\",\"line-height\":\"\"}' ><h2 style=\"font-family:&#039;Muli&#039;;font-weight:600;color:#000000;\">Tel\u00e8fon<\/h2><\/div><div class=\"uvc-sub-heading ult-responsive\"  data-ultimate-target='.uvc-heading.ultimate-heading-554969df0ca4a05f3 .uvc-sub-heading '  data-responsive-json-new='{\"font-size\":\"desktop:29px;\",\"line-height\":\"\"}'  style=\"font-family:&#039;Muli&#039;;font-weight:600;\">+34<strong> 938 626 668<\/strong><\/div><\/div>[\/vc_column_inner][\/vc_row_inner][\/vc_column][vc_column width=&#8221;1\/3&#8243;][vc_row_inner][vc_column_inner width=&#8221;1\/4&#8243;][vc_single_image image=&#8221;1077&#8243; img_size=&#8221;full&#8221; alignment=&#8221;right&#8221;][\/vc_column_inner][vc_column_inner width=&#8221;3\/4&#8243;]<div id=\"ultimate-heading-761169df0ca4a0649\" class=\"uvc-heading ult-adjust-bottom-margin ultimate-heading-761169df0ca4a0649 uvc-1242 \" data-hspacer=\"no_spacer\"  data-halign=\"left\" style=\"text-align:left\"><div class=\"uvc-heading-spacer no_spacer\" style=\"top\"><\/div><div class=\"uvc-main-heading ult-responsive\"  data-ultimate-target='.uvc-heading.ultimate-heading-761169df0ca4a0649 h2'  data-responsive-json-new='{\"font-size\":\"desktop:14px;\",\"line-height\":\"\"}' ><h2 style=\"font-family:&#039;Muli&#039;;font-weight:600;color:#000000;\">Tel\u00e8fon planta<\/h2><\/div><div class=\"uvc-sub-heading ult-responsive\"  data-ultimate-target='.uvc-heading.ultimate-heading-761169df0ca4a0649 .uvc-sub-heading '  data-responsive-json-new='{\"font-size\":\"desktop:29px;\",\"line-height\":\"\"}'  style=\"font-family:&#039;Muli&#039;;font-weight:600;\">+34<strong> 938 650 123<\/strong><\/div><\/div>[\/vc_column_inner][\/vc_row_inner][\/vc_column][vc_column width=&#8221;1\/3&#8243;][vc_row_inner][vc_column_inner width=&#8221;1\/4&#8243;][vc_single_image image=&#8221;1076&#8243; img_size=&#8221;full&#8221; alignment=&#8221;right&#8221;][\/vc_column_inner][vc_column_inner width=&#8221;3\/4&#8243;]<div id=\"ultimate-heading-503669df0ca4a0679\" class=\"uvc-heading ult-adjust-bottom-margin ultimate-heading-503669df0ca4a0679 uvc-6065 \" data-hspacer=\"no_spacer\"  data-halign=\"left\" style=\"text-align:left\"><div class=\"uvc-heading-spacer no_spacer\" style=\"top\"><\/div><div class=\"uvc-main-heading ult-responsive\"  data-ultimate-target='.uvc-heading.ultimate-heading-503669df0ca4a0679 h2'  data-responsive-json-new='{\"font-size\":\"desktop:14px;\",\"line-height\":\"\"}' ><h2 style=\"font-family:&#039;Muli&#039;;font-weight:600;color:#000000;\">Email<\/h2><\/div><div class=\"uvc-sub-heading ult-responsive\"  data-ultimate-target='.uvc-heading.ultimate-heading-503669df0ca4a0679 .uvc-sub-heading '  data-responsive-json-new='{\"font-size\":\"desktop:29px;\",\"line-height\":\"\"}'  style=\"font-family:&#039;Muli&#039;;font-weight:600;\"><strong>info@gdp.cat<\/strong><\/div><\/div>[\/vc_column_inner][\/vc_row_inner][\/vc_column][\/vc_row][vc_row full_width=&#8221;stretch_row_content&#8221; equal_height=&#8221;yes&#8221;][vc_column width=&#8221;1\/6&#8243; css=&#8221;.vc_custom_1538098488415{background-color: #fed41f !important;}&#8221;][\/vc_column][vc_column width=&#8221;1\/3&#8243; css=&#8221;.vc_custom_1538099436910{padding-top: 10% !important;padding-right: 10% !important;padding-bottom: 10% !important;background-color: #fed41f !important;}&#8221;][vc_column_text]Si t\u00e9 algun dubte o necessita m\u00e9s informaci\u00f3 sobre els nostres productes, si us plau\u00a0 ompli el seg\u00fcent formulari i en breu el nostre departament comercial es posar\u00e0 en contacte amb vost\u00e8.[\/vc_column_text][vc_row_inner][vc_column_inner width=&#8221;1\/6&#8243;][vc_single_image image=&#8221;1093&#8243; alignment=&#8221;right&#8221;][\/vc_column_inner][vc_column_inner width=&#8221;5\/6&#8243;]<div id=\"ultimate-heading-746769df0ca4a06a6\" class=\"uvc-heading ult-adjust-bottom-margin ultimate-heading-746769df0ca4a06a6 uvc-7972 \" data-hspacer=\"no_spacer\"  data-halign=\"left\" style=\"text-align:left\"><div class=\"uvc-heading-spacer no_spacer\" style=\"top\"><\/div><div class=\"uvc-sub-heading ult-responsive\"  data-ultimate-target='.uvc-heading.ultimate-heading-746769df0ca4a06a6 .uvc-sub-heading '  data-responsive-json-new='{\"font-size\":\"desktop:24px;\",\"line-height\":\"\"}'  style=\"font-family:&#039;Muli&#039;;font-weight:600;color:#000000;\">Borges Blanques 24-28<br \/>\nPol. Ind. La Borda<br \/>\n08140 Caldes de Montbui<br \/>\nBarcelona<\/div><\/div>[\/vc_column_inner][\/vc_row_inner][\/vc_column][vc_column width=&#8221;1\/3&#8243; css=&#8221;.vc_custom_1538099415821{padding-top: 10% !important;padding-bottom: 10% !important;padding-left: 10% !important;background-color: #f9f9f9 !important;}&#8221;]<div role=\"form\" class=\"wpcf7\" id=\"wpcf7-f1469-o1\" lang=\"es-ES\" dir=\"ltr\">\n<div class=\"screen-reader-response\"><p role=\"status\" aria-live=\"polite\" aria-atomic=\"true\"><\/p> <ul><\/ul><\/div>\n<form action=\"\/ca\/wp-json\/wp\/v2\/pages\/1421#wpcf7-f1469-o1\" method=\"post\" class=\"wpcf7-form init\" novalidate=\"novalidate\" data-status=\"init\">\n<div style=\"display: none;\">\n<input type=\"hidden\" name=\"_wpcf7\" value=\"1469\" \/>\n<input type=\"hidden\" name=\"_wpcf7_version\" value=\"5.5.6\" \/>\n<input type=\"hidden\" name=\"_wpcf7_locale\" value=\"es_ES\" \/>\n<input type=\"hidden\" name=\"_wpcf7_unit_tag\" value=\"wpcf7-f1469-o1\" \/>\n<input type=\"hidden\" name=\"_wpcf7_container_post\" value=\"0\" \/>\n<input type=\"hidden\" name=\"_wpcf7_posted_data_hash\" value=\"\" \/>\n<input type=\"hidden\" name=\"_wpcf7_recaptcha_response\" value=\"\" \/>\n<\/div>\n<p><span class=\"wpcf7-form-control-wrap nombre\"><input type=\"text\" name=\"nombre\" value=\"\" size=\"40\" class=\"wpcf7-form-control wpcf7-text wpcf7-validates-as-required\" aria-required=\"true\" aria-invalid=\"false\" placeholder=\"nom (obligatori)\" \/><\/span><br \/>\n<span class=\"wpcf7-form-control-wrap apellidos\"><input type=\"text\" name=\"apellidos\" value=\"\" size=\"40\" class=\"wpcf7-form-control wpcf7-text\" aria-invalid=\"false\" placeholder=\"cognoms\" \/><\/span><br \/>\n<span class=\"wpcf7-form-control-wrap telefono\"><input type=\"text\" name=\"telefono\" value=\"\" size=\"40\" class=\"wpcf7-form-control wpcf7-text\" aria-invalid=\"false\" placeholder=\"tel\u00e8fon\" \/><\/span><br \/>\n<span class=\"wpcf7-form-control-wrap email\"><input type=\"email\" name=\"email\" value=\"\" size=\"40\" class=\"wpcf7-form-control wpcf7-text wpcf7-email wpcf7-validates-as-required wpcf7-validates-as-email\" aria-required=\"true\" aria-invalid=\"false\" placeholder=\"email (obligatori)\" \/><\/span><br \/>\n<span class=\"wpcf7-form-control-wrap mensaje\"><textarea name=\"mensaje\" cols=\"40\" rows=\"5\" class=\"wpcf7-form-control wpcf7-textarea\" aria-invalid=\"false\" placeholder=\"missatge\"><\/textarea><\/span><br \/>\n<input type=\"submit\" value=\"Enviar\" class=\"wpcf7-form-control has-spinner wpcf7-submit\" \/><\/p>\n<div class=\"wpcf7-response-output\" aria-hidden=\"true\"><\/div><\/form><\/div>[\/vc_column][vc_column width=&#8221;1\/6&#8243; css=&#8221;.vc_custom_1538098770104{background-color: #f9f9f9 !important;}&#8221;][\/vc_column][\/vc_row]<\/p>\n","protected":false},"excerpt":{"rendered":"<p>[vc_row full_width=&#8221;stretch_row_content_no_spaces&#8221; css=&#8221;.vc_custom_1538097264836{margin-top: 0px !important;margin-bottom: 0px !important;border-top-width: 0px !important;border-bottom-width: 0px !important;padding-top: 0px !important;padding-bottom: 0px !important;}&#8221;][vc_column css=&#8221;.vc_custom_1538097305937{margin-top: 0px !important;margin-bottom: 0px !important;border-top-width: 0px !important;border-bottom-width: 0px !important;padding-top: 0px !important;padding-bottom: 0px !important;}&#8221;][vc_gmaps link=&#8221;#E-8_JTNDaWZyYW1lJTIwc3JjJTNEJTIyaHR0cHMlM0ElMkYlMkZ3d3cuZ29vZ2xlLmNvbSUyRm1hcHMlMkZlbWJlZCUzRnBiJTNEJTIxMW0xNCUyMTFtOCUyMTFtMyUyMTFkMTE5MjguODc0OTI1NDAzMTI1JTIxMmQyLjE4MDIxMSUyMTNkNDEuNjI5NDAzMyUyMTNtMiUyMTFpMTAyNCUyMTJpNzY4JTIxNGYxMy4xJTIxM20zJTIxMW0yJTIxMXMweDAlMjUzQTB4NDZhODE4ZDE5ZTZjYjE1OSUyMTJzR0RQJTI1MjBSRUNZQ0xJTkclMjUyMFBST0NFU1MlMjUyMFMuTC4lMjE1ZTAlMjEzbTIlMjExc2VzJTIxMnNlcyUyMTR2MTY0NjIyMzI0NDk3OSUyMTVtMiUyMTFzZXMlMjEyc2VzJTIyJTIwd2lkdGglM0QlMjI2MDAlMjIlMjBoZWlnaHQlM0QlMjI0NTAlMjIlMjBzdHlsZSUzRCUyMmJvcmRlciUzQTAlM0IlMjIlMjBhbGxvd2Z1bGxzY3JlZW4lM0QlMjIlMjIlMjBsb2FkaW5nJTNEJTIybGF6eSUyMiUzRSUzQyUyRmlmcmFtZSUzRQ==&#8221;][\/vc_column][\/vc_row][vc_row css=&#8221;.vc_custom_1538099659308{padding-bottom: 40px !important;}&#8221;][vc_column width=&#8221;1\/3&#8243; offset=&#8221;vc_col-lg-offset-0&#8243;][vc_row_inner][vc_column_inner width=&#8221;1\/4&#8243;][vc_single_image image=&#8221;1077&#8243; img_size=&#8221;full&#8221; alignment=&#8221;right&#8221;][\/vc_column_inner][vc_column_inner width=&#8221;3\/4&#8243;][\/vc_column_inner][\/vc_row_inner][\/vc_column][vc_column width=&#8221;1\/3&#8243;][vc_row_inner][vc_column_inner width=&#8221;1\/4&#8243;][vc_single_image image=&#8221;1077&#8243; img_size=&#8221;full&#8221; alignment=&#8221;right&#8221;][\/vc_column_inner][vc_column_inner width=&#8221;3\/4&#8243;][\/vc_column_inner][\/vc_row_inner][\/vc_column][vc_column width=&#8221;1\/3&#8243;][vc_row_inner][vc_column_inner width=&#8221;1\/4&#8243;][vc_single_image image=&#8221;1076&#8243; img_size=&#8221;full&#8221; alignment=&#8221;right&#8221;][\/vc_column_inner][vc_column_inner width=&#8221;3\/4&#8243;][\/vc_column_inner][\/vc_row_inner][\/vc_column][\/vc_row][vc_row full_width=&#8221;stretch_row_content&#8221; equal_height=&#8221;yes&#8221;][vc_column width=&#8221;1\/6&#8243; css=&#8221;.vc_custom_1538098488415{background-color:&hellip;<\/p>\n","protected":false},"author":1,"featured_media":0,"parent":0,"menu_order":0,"comment_status":"closed","ping_status":"closed","template":"","meta":[],"_links":{"self":[{"href":"https:\/\/gdp.cat\/ca\/wp-json\/wp\/v2\/pages\/1421"}],"collection":[{"href":"https:\/\/gdp.cat\/ca\/wp-json\/wp\/v2\/pages"}],"about":[{"href":"https:\/\/gdp.cat\/ca\/wp-json\/wp\/v2\/types\/page"}],"author":[{"embeddable":true,"href":"https:\/\/gdp.cat\/ca\/wp-json\/wp\/v2\/users\/1"}],"replies":[{"embeddable":true,"href":"https:\/\/gdp.cat\/ca\/wp-json\/wp\/v2\/comments?post=1421"}],"version-history":[{"count":4,"href":"https:\/\/gdp.cat\/ca\/wp-json\/wp\/v2\/pages\/1421\/revisions"}],"predecessor-version":[{"id":1646,"href":"https:\/\/gdp.cat\/ca\/wp-json\/wp\/v2\/pages\/1421\/revisions\/1646"}],"wp:attachment":[{"href":"https:\/\/gdp.cat\/ca\/wp-json\/wp\/v2\/media?parent=1421"}],"curies":[{"name":"wp","href":"https:\/\/api.w.org\/{rel}","templated":true}]}}