{"id":1386,"date":"2019-01-16T19:04:03","date_gmt":"2019-01-16T19:04:03","guid":{"rendered":"https:\/\/gdp.cat\/?page_id=1386"},"modified":"2019-01-16T19:46:50","modified_gmt":"2019-01-16T19:46:50","slug":"noticies","status":"publish","type":"page","link":"https:\/\/gdp.cat\/ca\/noticies\/","title":{"rendered":"Not\u00edcies"},"content":{"rendered":"<p>[vc_row][vc_column]<div class=\"dt-shortcode with-isotope\"><div class=\"wf-container dt-blog-shortcode resize-by-browser-width horizontal-fancy-style loading-effect-fade-in iso-grid description-under-image content-align-left\" data-padding=\"20px\" data-cur-page=\"1\" data-posts-per-page=\"-1\" data-desktop-columns-num=\"3\" data-v-tablet-columns-num=\"2\" data-h-tablet-columns-num=\"3\" data-phone-columns-num=\"1\" data-width=\"370px\" data-columns=\"3\">\n<div class=\"wf-cell\" data-post-id=\"1506\" data-date=\"2016-07-18T18:57:43+00:00\" data-name=\"Finalitzada la instal\u00b7laci\u00f3 de l\u2019Ajuntament de Granollers\">\n\t<article class=\"post post-1506 type-post status-publish format-standard has-post-thumbnail hentry category-food-drinks-ca category-recipes-ca category-17 category-18 description-off\">\n\n\t\t\n\t\t\t<div class=\"blog-media wf-td\">\n\n\t\t\t\t<p><a href=\"https:\/\/gdp.cat\/ca\/2016\/07\/18\/sundays-of-gluten-free-pizzas\/\" class=\"alignnone rollover layzr-bg\" ><img class=\"preload-me iso-lazy-load\" src=\"data:image\/svg+xml,%3Csvg%20xmlns%3D&#39;http%3A%2F%2Fwww.w3.org%2F2000%2Fsvg&#39;%20viewBox%3D&#39;0%200%20369%20246&#39;%2F%3E\" data-src=\"https:\/\/gdp.cat\/wp-content\/uploads\/2016\/07\/new1-369x246.jpg\" data-srcset=\"https:\/\/gdp.cat\/wp-content\/uploads\/2016\/07\/new1-369x246.jpg 369w\" alt=\"\" title=\"new1\" width=\"369\" height=\"246\"  \/><\/a><\/p>\n\t\t\t<\/div>\n\n\t\t\n\t\t<div class=\"blog-content wf-td\">\n\t\t\t<h3 class=\"entry-title\"><a href=\"https:\/\/gdp.cat\/ca\/2016\/07\/18\/sundays-of-gluten-free-pizzas\/\" title=\"Finalitzada la instal\u00b7laci\u00f3 de l\u2019Ajuntament de Granollers\" rel=\"bookmark\">Finalitzada la instal\u00b7laci\u00f3 de l\u2019Ajuntament de Granollers<\/a><\/h3>\n\n\t\t\t<div class=\"entry-meta\"><a href=\"https:\/\/gdp.cat\/ca\/2016\/07\/18\/\" title=\"6:57 pm\" class=\"data-link\" rel=\"bookmark\"><time class=\"entry-date updated\" datetime=\"2016-07-18T18:57:43+00:00\">18 juliol, 2016<\/time><\/a><\/div><p>Senyalitzaci\u00f3 de diverses dist\u00e0ncies del circuit Mitja Marat\u00f3.<\/p>\n\n\t\t<\/div>\n\n\t<\/article>\n\n<\/div>\n<div class=\"wf-cell\" data-post-id=\"1510\" data-date=\"2016-07-18T18:57:42+00:00\" data-name=\"Peces a Nova York\">\n\t<article class=\"post post-1510 type-post status-publish format-standard has-post-thumbnail hentry category-recipes-ca category-18 description-off\">\n\n\t\t\n\t\t\t<div class=\"blog-media wf-td\">\n\n\t\t\t\t<p><a href=\"https:\/\/gdp.cat\/ca\/2016\/07\/18\/the7s-review-cheep-but-not-cheap\/\" class=\"alignnone rollover layzr-bg\" ><img class=\"preload-me iso-lazy-load\" src=\"data:image\/svg+xml,%3Csvg%20xmlns%3D&#39;http%3A%2F%2Fwww.w3.org%2F2000%2Fsvg&#39;%20viewBox%3D&#39;0%200%20369%20246&#39;%2F%3E\" data-src=\"https:\/\/gdp.cat\/wp-content\/uploads\/2016\/07\/new2-369x246.jpg\" data-srcset=\"https:\/\/gdp.cat\/wp-content\/uploads\/2016\/07\/new2-369x246.jpg 369w\" alt=\"\" title=\"new2\" width=\"369\" height=\"246\"  \/><\/a><\/p>\n\t\t\t<\/div>\n\n\t\t\n\t\t<div class=\"blog-content wf-td\">\n\t\t\t<h3 class=\"entry-title\"><a href=\"https:\/\/gdp.cat\/ca\/2016\/07\/18\/the7s-review-cheep-but-not-cheap\/\" title=\"Peces a Nova York\" rel=\"bookmark\">Peces a Nova York<\/a><\/h3>\n\n\t\t\t<div class=\"entry-meta\"><a href=\"https:\/\/gdp.cat\/ca\/2016\/07\/18\/\" title=\"6:57 pm\" class=\"data-link\" rel=\"bookmark\"><time class=\"entry-date updated\" datetime=\"2016-07-18T18:57:42+00:00\">18 juliol, 2016<\/time><\/a><\/div><p>Sistemes d\u2019antiencastament i control de pas. <\/p>\n\n\t\t<\/div>\n\n\t<\/article>\n\n<\/div>\n<div class=\"wf-cell\" data-post-id=\"1493\" data-date=\"2016-07-18T18:57:39+00:00\" data-name=\"Mon\u00f2lit a Caldes de Montbui\">\n\t<article class=\"post post-1493 type-post status-publish format-standard has-post-thumbnail hentry category-announcements-ca category-16 description-off\">\n\n\t\t\n\t\t\t<div class=\"blog-media wf-td\">\n\n\t\t\t\t<p><a href=\"https:\/\/gdp.cat\/ca\/2016\/07\/18\/usa-restaurants-launches-menu-written-in-emojis\/\" class=\"alignnone rollover layzr-bg\" ><img class=\"preload-me iso-lazy-load\" src=\"data:image\/svg+xml,%3Csvg%20xmlns%3D&#39;http%3A%2F%2Fwww.w3.org%2F2000%2Fsvg&#39;%20viewBox%3D&#39;0%200%20369%20246&#39;%2F%3E\" data-src=\"https:\/\/gdp.cat\/wp-content\/uploads\/2016\/07\/new3-369x246.jpg\" data-srcset=\"https:\/\/gdp.cat\/wp-content\/uploads\/2016\/07\/new3-369x246.jpg 369w\" alt=\"\" title=\"new3\" width=\"369\" height=\"246\"  \/><\/a><\/p>\n\t\t\t<\/div>\n\n\t\t\n\t\t<div class=\"blog-content wf-td\">\n\t\t\t<h3 class=\"entry-title\"><a href=\"https:\/\/gdp.cat\/ca\/2016\/07\/18\/usa-restaurants-launches-menu-written-in-emojis\/\" title=\"Mon\u00f2lit a Caldes de Montbui\" rel=\"bookmark\">Mon\u00f2lit a Caldes de Montbui<\/a><\/h3>\n\n\t\t\t<div class=\"entry-meta\"><a href=\"https:\/\/gdp.cat\/ca\/2016\/07\/18\/\" title=\"6:57 pm\" class=\"data-link\" rel=\"bookmark\"><time class=\"entry-date updated\" datetime=\"2016-07-18T18:57:39+00:00\">18 juliol, 2016<\/time><\/a><\/div><p>Sistemes de presentaci\u00f3 d\u2019organitzacions.<\/p>\n\n\t\t<\/div>\n\n\t<\/article>\n\n<\/div><\/div><\/div>[\/vc_column][\/vc_row]<\/p>\n","protected":false},"excerpt":{"rendered":"<p>[vc_row][vc_column][\/vc_column][\/vc_row]<\/p>\n","protected":false},"author":1,"featured_media":0,"parent":0,"menu_order":0,"comment_status":"closed","ping_status":"closed","template":"","meta":[],"_links":{"self":[{"href":"https:\/\/gdp.cat\/ca\/wp-json\/wp\/v2\/pages\/1386"}],"collection":[{"href":"https:\/\/gdp.cat\/ca\/wp-json\/wp\/v2\/pages"}],"about":[{"href":"https:\/\/gdp.cat\/ca\/wp-json\/wp\/v2\/types\/page"}],"author":[{"embeddable":true,"href":"https:\/\/gdp.cat\/ca\/wp-json\/wp\/v2\/users\/1"}],"replies":[{"embeddable":true,"href":"https:\/\/gdp.cat\/ca\/wp-json\/wp\/v2\/comments?post=1386"}],"version-history":[{"count":1,"href":"https:\/\/gdp.cat\/ca\/wp-json\/wp\/v2\/pages\/1386\/revisions"}],"predecessor-version":[{"id":1420,"href":"https:\/\/gdp.cat\/ca\/wp-json\/wp\/v2\/pages\/1386\/revisions\/1420"}],"wp:attachment":[{"href":"https:\/\/gdp.cat\/ca\/wp-json\/wp\/v2\/media?parent=1386"}],"curies":[{"name":"wp","href":"https:\/\/api.w.org\/{rel}","templated":true}]}}