{"id":1385,"date":"2019-01-16T19:03:44","date_gmt":"2019-01-16T19:03:44","guid":{"rendered":"https:\/\/gdp.cat\/?page_id=1385"},"modified":"2019-01-16T21:46:48","modified_gmt":"2019-01-16T21:46:48","slug":"blocs-gdp","status":"publish","type":"page","link":"https:\/\/gdp.cat\/ca\/blocs-gdp\/","title":{"rendered":"BLOCS GDP"},"content":{"rendered":"<p>[vc_row css=&#8221;.vc_custom_1538086938647{margin-bottom: 0px !important;border-bottom-width: 0px !important;padding-bottom: 0px !important;}&#8221;][vc_column width=&#8221;1\/2&#8243; css=&#8221;.vc_custom_1538086972618{margin-bottom: 0px !important;border-bottom-width: 0px !important;padding-bottom: 0px !important;}&#8221;]<div id=\"ultimate-heading-355369f005666a778\" class=\"uvc-heading ult-adjust-bottom-margin ultimate-heading-355369f005666a778 uvc-5286 \" data-hspacer=\"image_only\"  data-halign=\"left\" style=\"text-align:left\"><div class=\"uvc-main-heading ult-responsive\"  data-ultimate-target='.uvc-heading.ultimate-heading-355369f005666a778 h2'  data-responsive-json-new='{\"font-size\":\"desktop:38px;\",\"line-height\":\"\"}' ><h2 style=\"font-family:&#039;Muli&#039;;font-weight:600;color:#fccc21;margin-bottom:10px;\">BLOCS GDP<\/h2><\/div><div class=\"uvc-sub-heading ult-responsive\"  data-ultimate-target='.uvc-heading.ultimate-heading-355369f005666a778 .uvc-sub-heading '  data-responsive-json-new='{\"font-size\":\"desktop:24px;\",\"line-height\":\"\"}'  style=\"font-family:&#039;Muli&#039;;font-weight:600;color:#8b8a8a;\">BLOCS D\u2019\u00c0RIDS RECICLATS<\/div><div class=\"uvc-heading-spacer image_only\" style=\"margin-bottom:12px;\"><img src=\"https:\/\/gdp.cat\/wp-content\/uploads\/2018\/09\/separador.gif\" class=\"ultimate-headings-icon-image\" alt=\"null\" style=\"\"\/><\/div><\/div>[vc_column_text]Les peces del <strong>sistema GDP<\/strong> es fabriquen a partir d\u2019un alt percentatge d\u2019\u00e0rid reciclat.<\/p>\n<p>Les seves principals avantatges s\u00f3n:<\/p>\n<ul>\n<li><strong>Rapidesa al muntatge<\/strong> (fins a cinc vegades menys, en comparaci\u00f3 amb la escullera)<\/li>\n<li><strong>Instal\u00b7laci\u00f3 neta<\/strong> (no \u00e9s necessari material addicional)<\/li>\n<li><strong>Sense preparatius previs ni mol\u00e8sties<\/strong> al voltant de l\u2019obra<\/li>\n<li><strong>Sense necessitat de grans infraestructures<\/strong>, tot i tenir en compte les dimensions del mur<\/li>\n<li><strong>Infinitament reciclable<\/strong> (tanca el cercle de reciclatge)<\/li>\n<li><strong>Producte absorbent de CO2<\/strong><\/li>\n<\/ul>\n<p>El sistema GDP \u00e9s totalment sostenible, ecol\u00f2gic, respectu\u00f3s amb el medi ambient i compleix totes les caracter\u00edstiques de la bioconstrucci\u00f3, havent rebut m\u00faltiples <strong>reconeixements i premis al producte<\/strong> i al sistema.[\/vc_column_text][\/vc_column][vc_column width=&#8221;1\/2&#8243;][vc_single_image image=&#8221;1221&#8243; img_size=&#8221;full&#8221;][\/vc_column][\/vc_row][vc_row type=&#8221;vc_default&#8221; css=&#8221;.vc_custom_1538093349612{margin-top: 0px !important;border-top-width: 0px !important;padding-top: 0px !important;padding-bottom: 0px !important;}&#8221;][vc_column width=&#8221;1\/2&#8243; css=&#8221;.vc_custom_1538086999448{margin-top: 0px !important;border-top-width: 0px !important;padding-top: 0px !important;}&#8221;][\/vc_column][vc_column width=&#8221;1\/2&#8243; css=&#8221;.vc_custom_1538087008230{margin-top: 0px !important;border-top-width: 0px !important;padding-top: 0px !important;padding-bottom: 30px !important;}&#8221;][\/vc_column][\/vc_row][vc_row][vc_column]<div id=\"ultimate-heading-509769f005666a7cd\" class=\"uvc-heading ult-adjust-bottom-margin ultimate-heading-509769f005666a7cd uvc-7401 \" data-hspacer=\"image_only\"  data-halign=\"left\" style=\"text-align:left\"><div class=\"uvc-main-heading ult-responsive\"  data-ultimate-target='.uvc-heading.ultimate-heading-509769f005666a7cd h2'  data-responsive-json-new='{\"font-size\":\"desktop:26px;\",\"line-height\":\"\"}' ><h2 style=\"font-family:&#039;Muli&#039;;font-weight:600;color:#fccc21;margin-bottom:10px;\">SISTEMA GDP SERIES G Y P<\/h2><\/div><div class=\"uvc-heading-spacer image_only\" style=\"margin-bottom:12px;\"><img src=\"\" class=\"ultimate-headings-icon-image\" alt=\"\" style=\"\"\/><\/div><\/div>[\/vc_column][\/vc_row][vc_row][vc_column width=&#8221;1\/4&#8243;][vc_single_image image=&#8221;1255&#8243; img_size=&#8221;full&#8221;][\/vc_column][vc_column width=&#8221;1\/4&#8243;][vc_single_image image=&#8221;1256&#8243; img_size=&#8221;full&#8221;][\/vc_column][vc_column width=&#8221;1\/4&#8243;][vc_single_image image=&#8221;1226&#8243; img_size=&#8221;full&#8221;][\/vc_column][vc_column width=&#8221;1\/4&#8243;][vc_single_image image=&#8221;1223&#8243; img_size=&#8221;full&#8221;][\/vc_column][\/vc_row][vc_row][vc_column width=&#8221;1\/2&#8243; css=&#8221;.vc_custom_1538094750700{margin-top: 0px !important;margin-right: 0px !important;margin-bottom: 0px !important;margin-left: 0px !important;border-top-width: 0px !important;border-right-width: 0px !important;border-bottom-width: 0px !important;border-left-width: 0px !important;padding-top: 0px !important;padding-right: 0px !important;padding-bottom: 0px !important;padding-left: 0px !important;}&#8221;][vc_column_text]El sistema de construcci\u00f3 de murs de contenci\u00f3 de terres per gravetat utilitza blocs de formig\u00f3 elaborats amb \u00e0rids reciclats. Consisteix b\u00e0sicament en la formaci\u00f3 d\u2019aquests murs mitjan\u00e7ant la col\u00b7locaci\u00f3 de blocs de formig\u00f3 prefabricats GDP, disposant-los en sec de manera similar a un mur de contenci\u00f3 tradicional de \u201ccadirat\u201d de pedra rectangular, recomanant el farcit posterior de graves reciclades per al drenatge.[\/vc_column_text][\/vc_column][vc_column width=&#8221;1\/2&#8243; css=&#8221;.vc_custom_1538094814289{margin-top: 0px !important;margin-right: 0px !important;margin-bottom: 0px !important;margin-left: 0px !important;border-top-width: 0px !important;border-right-width: 0px !important;border-bottom-width: 0px !important;border-left-width: 0px !important;padding-top: 0px !important;padding-right: 0px !important;padding-bottom: 0px !important;padding-left: 0px !important;}&#8221;][vc_column_text]Els <strong>blocs GDP<\/strong> s\u2019han fabricat utilitzant en la composici\u00f3 del formig\u00f3 fins a un 80% d\u2019\u00e0rid reciclat, procedent de residus de la construcci\u00f3 i demolici\u00f3 d\u2019obra civil, i posteriorment seleccionats i tractats, segons la normativa vigent per a aquest tipus de residus.<\/p>\n<p>A cada s\u00e8rie es disposa d\u2019una pe\u00e7a b\u00e0sica i diverses peces complement\u00e0ries que permeten dissenyar cada mur en funci\u00f3 de les necessitats.[\/vc_column_text][\/vc_column][\/vc_row][vc_row css=&#8221;.vc_custom_1538095711648{margin-top: 50px !important;}&#8221;][vc_column]<div id=\"ultimate-heading-76769f005666a805\" class=\"uvc-heading ult-adjust-bottom-margin ultimate-heading-76769f005666a805 uvc-6501 \" data-hspacer=\"image_only\"  data-halign=\"left\" style=\"text-align:left\"><div class=\"uvc-main-heading ult-responsive\"  data-ultimate-target='.uvc-heading.ultimate-heading-76769f005666a805 h2'  data-responsive-json-new='{\"font-size\":\"desktop:26px;\",\"line-height\":\"\"}' ><h2 style=\"font-family:&#039;Muli&#039;;font-weight:600;color:#fccc21;margin-bottom:10px;\">TIPUS DE PECES<\/h2><\/div><div class=\"uvc-heading-spacer image_only\" style=\"margin-bottom:12px;\"><img src=\"\" class=\"ultimate-headings-icon-image\" alt=\"\" style=\"\"\/><\/div><\/div>[\/vc_column][\/vc_row][vc_row][vc_column][vc_tabs][vc_tab title=&#8221;GRAN&#8221; tab_id=&#8221;ccc5cb68-fdb3-7&#8243;][vc_row_inner][vc_column_inner width=&#8221;1\/3&#8243; css=&#8221;.vc_custom_1538955850401{margin-top: 43px !important;}&#8221;][vc_single_image image=&#8221;1228&#8243; img_size=&#8221;full&#8221; css=&#8221;.vc_custom_1538955934703{margin-bottom: 5px !important;}&#8221;]<div id=\"ultimate-heading-540469f005666a830\" class=\"uvc-heading ult-adjust-bottom-margin ultimate-heading-540469f005666a830 uvc-2360 \" data-hspacer=\"no_spacer\"  data-halign=\"left\" style=\"text-align:left\"><div class=\"uvc-heading-spacer no_spacer\" style=\"top\"><\/div><div class=\"uvc-sub-heading ult-responsive\"  data-ultimate-target='.uvc-heading.ultimate-heading-540469f005666a830 .uvc-sub-heading '  data-responsive-json-new='{\"font-size\":\"desktop:12px;\",\"line-height\":\"\"}'  style=\"font-family:&#039;Muli&#039;;font-weight:300;color:#7c7c7c;margin-top:0px;\">CERTIFICADO CE EN 15258:2008<br \/>\nPATENTES CE:<br \/>\nES 2 283 232<br \/>\nES 2 284 406<\/div><\/div>[\/vc_column_inner][vc_column_inner width=&#8221;2\/3&#8243;]<div id=\"ultimate-heading-631269f005666a85e\" class=\"uvc-heading ult-adjust-bottom-margin ultimate-heading-631269f005666a85e uvc-7020 \" data-hspacer=\"no_spacer\"  data-halign=\"left\" style=\"text-align:left\"><div class=\"uvc-heading-spacer no_spacer\" style=\"top\"><\/div><div class=\"uvc-main-heading ult-responsive\"  data-ultimate-target='.uvc-heading.ultimate-heading-631269f005666a85e h2'  data-responsive-json-new='{\"font-size\":\"desktop:16px;\",\"line-height\":\"\"}' ><h2 style=\"font-family:&#039;Muli&#039;;font-weight:700;\">TAULES DE REFER\u00c8NCIA<\/h2><\/div><\/div>[vc_raw_html]JTVCZ29fcHJpY2luZyUyMGlkJTNEJTIyZ29fZHRfMDNfNWMzZmEyNjcwZGE1NiUyMiU1RA==[\/vc_raw_html][\/vc_column_inner][\/vc_row_inner][\/vc_tab][vc_tab title=&#8221;PETIT&#8221; tab_id=&#8221;1538955343297-3-2&#8243;][vc_row_inner][vc_column_inner width=&#8221;1\/3&#8243; css=&#8221;.vc_custom_1539255332044{margin-top: 43px !important;}&#8221;][vc_single_image image=&#8221;1275&#8243; img_size=&#8221;full&#8221;]<div id=\"ultimate-heading-780469f005666a888\" class=\"uvc-heading ult-adjust-bottom-margin ultimate-heading-780469f005666a888 uvc-4337 \" data-hspacer=\"no_spacer\"  data-halign=\"center\" style=\"text-align:center\"><div class=\"uvc-heading-spacer no_spacer\" style=\"top\"><\/div><div class=\"uvc-sub-heading ult-responsive\"  data-ultimate-target='.uvc-heading.ultimate-heading-780469f005666a888 .uvc-sub-heading '  data-responsive-json-new='{\"font-size\":\"desktop:12px;\",\"line-height\":\"\"}'  style=\"font-family:&#039;Muli&#039;;font-weight:300;color:#7c7c7c;\">CERTIFICADO CE EN 15258:2008<br \/>\nPATENTES CE: ES 2 283 232<br \/>\nES 2 284 406<\/div><\/div>[\/vc_column_inner][vc_column_inner width=&#8221;2\/3&#8243;]<div id=\"ultimate-heading-615269f005666a8ad\" class=\"uvc-heading ult-adjust-bottom-margin ultimate-heading-615269f005666a8ad uvc-4756 \" data-hspacer=\"no_spacer\"  data-halign=\"left\" style=\"text-align:left\"><div class=\"uvc-heading-spacer no_spacer\" style=\"top\"><\/div><div class=\"uvc-main-heading ult-responsive\"  data-ultimate-target='.uvc-heading.ultimate-heading-615269f005666a8ad h2'  data-responsive-json-new='{\"font-size\":\"desktop:16px;\",\"line-height\":\"\"}' ><h2 style=\"font-family:&#039;Muli&#039;;font-weight:700;\">TAULES DE REFER\u00c8NCIA<\/h2><\/div><\/div>[vc_raw_html]JTVCZ29fcHJpY2luZyUyMGlkJTNEJTIyZ29fZHRfMDNfNV81YzNmYTNkZjFkM2RiJTIyJTVE[\/vc_raw_html][\/vc_column_inner][\/vc_row_inner][\/vc_tab][vc_tab title=&#8221;SOBRE&#8221; tab_id=&#8221;1538955335353-1-10&#8243;][vc_row_inner][vc_column_inner width=&#8221;1\/3&#8243; css=&#8221;.vc_custom_1539255281400{margin-top: 43px !important;}&#8221;][vc_single_image image=&#8221;1269&#8243; img_size=&#8221;full&#8221; css=&#8221;.vc_custom_1539254959465{margin-bottom: 5px !important;}&#8221;]<div id=\"ultimate-heading-63269f005666a8d2\" class=\"uvc-heading ult-adjust-bottom-margin ultimate-heading-63269f005666a8d2 uvc-3460 \" data-hspacer=\"no_spacer\"  data-halign=\"left\" style=\"text-align:left\"><div class=\"uvc-heading-spacer no_spacer\" style=\"top\"><\/div><div class=\"uvc-sub-heading ult-responsive\"  data-ultimate-target='.uvc-heading.ultimate-heading-63269f005666a8d2 .uvc-sub-heading '  data-responsive-json-new='{\"font-size\":\"desktop:12px;\",\"line-height\":\"\"}'  style=\"font-family:&#039;Muli&#039;;font-weight:300;color:#7c7c7c;margin-bottom:0px;\">CERTIFICADO CE EN 15258:2008<br \/>\nPATENTES CE: ES 2 283 232<br \/>\nES 2 284 406<\/div><\/div>[\/vc_column_inner][vc_column_inner width=&#8221;2\/3&#8243;]<div id=\"ultimate-heading-142669f005666a8f5\" class=\"uvc-heading ult-adjust-bottom-margin ultimate-heading-142669f005666a8f5 uvc-1439 \" data-hspacer=\"no_spacer\"  data-halign=\"left\" style=\"text-align:left\"><div class=\"uvc-heading-spacer no_spacer\" style=\"top\"><\/div><div class=\"uvc-main-heading ult-responsive\"  data-ultimate-target='.uvc-heading.ultimate-heading-142669f005666a8f5 h2'  data-responsive-json-new='{\"font-size\":\"desktop:16px;\",\"line-height\":\"\"}' ><h2 style=\"font-family:&#039;Muli&#039;;font-weight:700;\">TAULES DE REFER\u00c8NCIA<\/h2><\/div><\/div>[vc_raw_html]JTVCZ29fcHJpY2luZyUyMGlkJTNEJTIyZ29fZHRfMDNfNV81YzNmYTNiYjNhZTM1JTIyJTVE[\/vc_raw_html][\/vc_column_inner][\/vc_row_inner][\/vc_tab][vc_tab title=&#8221;TANCAMENT&#8221; tab_id=&#8221;1538955336507-2-10&#8243;][vc_row_inner][vc_column_inner width=&#8221;1\/3&#8243; css=&#8221;.vc_custom_1539255288566{margin-top: 43px !important;}&#8221;][vc_single_image image=&#8221;1270&#8243; img_size=&#8221;full&#8221; css=&#8221;.vc_custom_1539255025385{margin-bottom: 5px !important;}&#8221;]<div id=\"ultimate-heading-743169f005666a918\" class=\"uvc-heading ult-adjust-bottom-margin ultimate-heading-743169f005666a918 uvc-1734 \" data-hspacer=\"no_spacer\"  data-halign=\"left\" style=\"text-align:left\"><div class=\"uvc-heading-spacer no_spacer\" style=\"top\"><\/div><div class=\"uvc-sub-heading ult-responsive\"  data-ultimate-target='.uvc-heading.ultimate-heading-743169f005666a918 .uvc-sub-heading '  data-responsive-json-new='{\"font-size\":\"desktop:12px;\",\"line-height\":\"\"}'  style=\"font-family:&#039;Muli&#039;;font-weight:300;color:#7c7c7c;margin-bottom:0px;\">CERTIFICADO CE EN 15258:2008<br \/>\nPATENTES CE: ES 2 283 232<br \/>\nES 2 284 406<\/div><\/div>[\/vc_column_inner][vc_column_inner width=&#8221;2\/3&#8243;]<div id=\"ultimate-heading-87269f005666a93f\" class=\"uvc-heading ult-adjust-bottom-margin ultimate-heading-87269f005666a93f uvc-1336 \" data-hspacer=\"no_spacer\"  data-halign=\"left\" style=\"text-align:left\"><div class=\"uvc-heading-spacer no_spacer\" style=\"top\"><\/div><div class=\"uvc-main-heading ult-responsive\"  data-ultimate-target='.uvc-heading.ultimate-heading-87269f005666a93f h2'  data-responsive-json-new='{\"font-size\":\"desktop:16px;\",\"line-height\":\"\"}' ><h2 style=\"font-family:&#039;Muli&#039;;font-weight:700;\">TAULES DE REFER\u00c8NCIA<\/h2><\/div><\/div>[vc_raw_html]JTVCZ29fcHJpY2luZyUyMGlkJTNEJTIyZ29fZHRfMDNfNV81YzNmYTNlMzhjOGU5JTIyJTVE[\/vc_raw_html][\/vc_column_inner][\/vc_row_inner][\/vc_tab][vc_tab title=&#8221;ANGULAT&#8221; tab_id=&#8221;1538955344034-4-7&#8243;][vc_row_inner][vc_column_inner width=&#8221;1\/3&#8243; css=&#8221;.vc_custom_1539255342888{margin-top: 43px !important;}&#8221;][vc_single_image image=&#8221;1278&#8243; img_size=&#8221;full&#8221;]<div id=\"ultimate-heading-648369f005666a961\" class=\"uvc-heading ult-adjust-bottom-margin ultimate-heading-648369f005666a961 uvc-1712 \" data-hspacer=\"no_spacer\"  data-halign=\"center\" style=\"text-align:center\"><div class=\"uvc-heading-spacer no_spacer\" style=\"top\"><\/div><div class=\"uvc-sub-heading ult-responsive\"  data-ultimate-target='.uvc-heading.ultimate-heading-648369f005666a961 .uvc-sub-heading '  data-responsive-json-new='{\"font-size\":\"desktop:12px;\",\"line-height\":\"\"}'  style=\"font-family:&#039;Muli&#039;;font-weight:300;color:#7c7c7c;\">CERTIFICADO CE EN 15258:2008<br \/>\nPATENTES CE: ES 2 283 232<br \/>\nES 2 284 406<\/div><\/div>[\/vc_column_inner][vc_column_inner width=&#8221;2\/3&#8243;]<div id=\"ultimate-heading-405069f005666a983\" class=\"uvc-heading ult-adjust-bottom-margin ultimate-heading-405069f005666a983 uvc-5856 \" data-hspacer=\"no_spacer\"  data-halign=\"left\" style=\"text-align:left\"><div class=\"uvc-heading-spacer no_spacer\" style=\"top\"><\/div><div class=\"uvc-main-heading ult-responsive\"  data-ultimate-target='.uvc-heading.ultimate-heading-405069f005666a983 h2'  data-responsive-json-new='{\"font-size\":\"desktop:16px;\",\"line-height\":\"\"}' ><h2 style=\"font-family:&#039;Muli&#039;;font-weight:700;\">TAULES DE REFER\u00c8NCIA<\/h2><\/div><\/div>[vc_raw_html]JTVCZ29fcHJpY2luZyUyMGlkJTNEJTIyZ29fZHRfMDNfNV81YzNmYTNkOGI2ZWU3JTIyJTVE[\/vc_raw_html][\/vc_column_inner][\/vc_row_inner][\/vc_tab][vc_tab title=&#8221;GANXO&#8221; tab_id=&#8221;1539256063636-5-1&#8243;][vc_row_inner][vc_column_inner width=&#8221;1\/3&#8243; css=&#8221;.vc_custom_1538955850401{margin-top: 43px !important;}&#8221;][vc_single_image image=&#8221;1282&#8243; img_size=&#8221;full&#8221; css=&#8221;.vc_custom_1539256092140{margin-bottom: 5px !important;}&#8221;]<div id=\"ultimate-heading-427469f005666a9a7\" class=\"uvc-heading ult-adjust-bottom-margin ultimate-heading-427469f005666a9a7 uvc-4398 \" data-hspacer=\"no_spacer\"  data-halign=\"left\" style=\"text-align:left\"><div class=\"uvc-heading-spacer no_spacer\" style=\"top\"><\/div><div class=\"uvc-sub-heading ult-responsive\"  data-ultimate-target='.uvc-heading.ultimate-heading-427469f005666a9a7 .uvc-sub-heading '  data-responsive-json-new='{\"font-size\":\"desktop:12px;\",\"line-height\":\"\"}'  style=\"font-family:&#039;Muli&#039;;font-weight:300;color:#7c7c7c;margin-top:0px;\">CERTIFICADO CE EN 15258:2008<br \/>\nPATENTES CE:<br \/>\nES 2 283 232<br \/>\nES 2 284 406<\/div><\/div>[\/vc_column_inner][vc_column_inner width=&#8221;2\/3&#8243;][\/vc_column_inner][\/vc_row_inner][\/vc_tab][vc_tab title=&#8221;PIN\u00c7A&#8221; tab_id=&#8221;1539256065228-6-5&#8243;][vc_row_inner][vc_column_inner width=&#8221;1\/3&#8243; css=&#8221;.vc_custom_1538955850401{margin-top: 43px !important;}&#8221;][vc_single_image image=&#8221;1283&#8243; img_size=&#8221;full&#8221; css=&#8221;.vc_custom_1539256116254{margin-bottom: 5px !important;}&#8221;]<div id=\"ultimate-heading-37369f005666a9ce\" class=\"uvc-heading ult-adjust-bottom-margin ultimate-heading-37369f005666a9ce uvc-8862 \" data-hspacer=\"no_spacer\"  data-halign=\"left\" style=\"text-align:left\"><div class=\"uvc-heading-spacer no_spacer\" style=\"top\"><\/div><div class=\"uvc-sub-heading ult-responsive\"  data-ultimate-target='.uvc-heading.ultimate-heading-37369f005666a9ce .uvc-sub-heading '  data-responsive-json-new='{\"font-size\":\"desktop:12px;\",\"line-height\":\"\"}'  style=\"font-family:&#039;Muli&#039;;font-weight:300;color:#7c7c7c;margin-top:0px;\">CERTIFICADO CE EN 15258:2008<br \/>\nPATENTES CE:<br \/>\nES 2 283 232<br \/>\nES 2 284 406<\/div><\/div>[\/vc_column_inner][vc_column_inner width=&#8221;2\/3&#8243;][\/vc_column_inner][\/vc_row_inner][\/vc_tab][\/vc_tabs][\/vc_column][\/vc_row]<\/p>\n","protected":false},"excerpt":{"rendered":"<p>[vc_row css=&#8221;.vc_custom_1538086938647{margin-bottom: 0px !important;border-bottom-width: 0px !important;padding-bottom: 0px !important;}&#8221;][vc_column width=&#8221;1\/2&#8243; css=&#8221;.vc_custom_1538086972618{margin-bottom: 0px !important;border-bottom-width: 0px !important;padding-bottom: 0px !important;}&#8221;][vc_column_text]Les peces del sistema GDP es fabriquen a partir d\u2019un alt percentatge d\u2019\u00e0rid reciclat. Les seves principals avantatges s\u00f3n: Rapidesa al muntatge (fins a cinc vegades menys, en comparaci\u00f3 amb la escullera) Instal\u00b7laci\u00f3 neta (no \u00e9s necessari material addicional) Sense&hellip;<\/p>\n","protected":false},"author":1,"featured_media":0,"parent":0,"menu_order":0,"comment_status":"closed","ping_status":"closed","template":"","meta":[],"_links":{"self":[{"href":"https:\/\/gdp.cat\/ca\/wp-json\/wp\/v2\/pages\/1385"}],"collection":[{"href":"https:\/\/gdp.cat\/ca\/wp-json\/wp\/v2\/pages"}],"about":[{"href":"https:\/\/gdp.cat\/ca\/wp-json\/wp\/v2\/types\/page"}],"author":[{"embeddable":true,"href":"https:\/\/gdp.cat\/ca\/wp-json\/wp\/v2\/users\/1"}],"replies":[{"embeddable":true,"href":"https:\/\/gdp.cat\/ca\/wp-json\/wp\/v2\/comments?post=1385"}],"version-history":[{"count":7,"href":"https:\/\/gdp.cat\/ca\/wp-json\/wp\/v2\/pages\/1385\/revisions"}],"predecessor-version":[{"id":1533,"href":"https:\/\/gdp.cat\/ca\/wp-json\/wp\/v2\/pages\/1385\/revisions\/1533"}],"wp:attachment":[{"href":"https:\/\/gdp.cat\/ca\/wp-json\/wp\/v2\/media?parent=1385"}],"curies":[{"name":"wp","href":"https:\/\/api.w.org\/{rel}","templated":true}]}}