{"id":1383,"date":"2019-01-16T19:03:19","date_gmt":"2019-01-16T19:03:19","guid":{"rendered":"https:\/\/gdp.cat\/?page_id=1383"},"modified":"2019-01-16T19:43:44","modified_gmt":"2019-01-16T19:43:44","slug":"farcit-de-terres-i-millora-de-finques","status":"publish","type":"page","link":"https:\/\/gdp.cat\/ca\/farcit-de-terres-i-millora-de-finques\/","title":{"rendered":"Farcit de terres i millora de finques"},"content":{"rendered":"<p>[vc_row css=&#8221;.vc_custom_1538086938647{margin-bottom: 0px !important;border-bottom-width: 0px !important;padding-bottom: 0px !important;}&#8221;][vc_column width=&#8221;1\/2&#8243; css=&#8221;.vc_custom_1538086972618{margin-bottom: 0px !important;border-bottom-width: 0px !important;padding-bottom: 0px !important;}&#8221;]<div id=\"ultimate-heading-153169f355021b407\" class=\"uvc-heading ult-adjust-bottom-margin ultimate-heading-153169f355021b407 uvc-555 \" data-hspacer=\"image_only\"  data-halign=\"left\" style=\"text-align:left\"><div class=\"uvc-main-heading ult-responsive\"  data-ultimate-target='.uvc-heading.ultimate-heading-153169f355021b407 h2'  data-responsive-json-new='{\"font-size\":\"desktop:38px;\",\"line-height\":\"\"}' ><h2 style=\"font-family:&#039;Muli&#039;;font-weight:600;color:#fccc21;margin-bottom:10px;\">Farcit de terres i millora de finques<\/h2><\/div><div class=\"uvc-heading-spacer image_only\" style=\"margin-bottom:12px;\"><img src=\"https:\/\/gdp.cat\/wp-content\/uploads\/2018\/09\/separador.gif\" class=\"ultimate-headings-icon-image\" alt=\"null\" style=\"\"\/><\/div><\/div>[vc_column_text]Realitzem farcits i compactacions, treballs d\u2019extensi\u00f3 i compactaci\u00f3 de terres d\u2019origen de la mateixa excavaci\u00f3 o de pr\u00e9stecs de rases, fonaments, extrad\u00f3s de mur.[\/vc_column_text][\/vc_column][vc_column width=&#8221;1\/2&#8243;][vc_single_image image=&#8221;1317&#8243; img_size=&#8221;full&#8221;][\/vc_column][\/vc_row]<\/p>\n","protected":false},"excerpt":{"rendered":"<p>[vc_row css=&#8221;.vc_custom_1538086938647{margin-bottom: 0px !important;border-bottom-width: 0px !important;padding-bottom: 0px !important;}&#8221;][vc_column width=&#8221;1\/2&#8243; css=&#8221;.vc_custom_1538086972618{margin-bottom: 0px !important;border-bottom-width: 0px !important;padding-bottom: 0px !important;}&#8221;][vc_column_text]Realitzem farcits i compactacions, treballs d\u2019extensi\u00f3 i compactaci\u00f3 de terres d\u2019origen de la mateixa excavaci\u00f3 o de pr\u00e9stecs de rases, fonaments, extrad\u00f3s de mur.[\/vc_column_text][\/vc_column][vc_column width=&#8221;1\/2&#8243;][vc_single_image image=&#8221;1317&#8243; img_size=&#8221;full&#8221;][\/vc_column][\/vc_row]<\/p>\n","protected":false},"author":1,"featured_media":0,"parent":0,"menu_order":0,"comment_status":"closed","ping_status":"closed","template":"","meta":[],"_links":{"self":[{"href":"https:\/\/gdp.cat\/ca\/wp-json\/wp\/v2\/pages\/1383"}],"collection":[{"href":"https:\/\/gdp.cat\/ca\/wp-json\/wp\/v2\/pages"}],"about":[{"href":"https:\/\/gdp.cat\/ca\/wp-json\/wp\/v2\/types\/page"}],"author":[{"embeddable":true,"href":"https:\/\/gdp.cat\/ca\/wp-json\/wp\/v2\/users\/1"}],"replies":[{"embeddable":true,"href":"https:\/\/gdp.cat\/ca\/wp-json\/wp\/v2\/comments?post=1383"}],"version-history":[{"count":2,"href":"https:\/\/gdp.cat\/ca\/wp-json\/wp\/v2\/pages\/1383\/revisions"}],"predecessor-version":[{"id":1444,"href":"https:\/\/gdp.cat\/ca\/wp-json\/wp\/v2\/pages\/1383\/revisions\/1444"}],"wp:attachment":[{"href":"https:\/\/gdp.cat\/ca\/wp-json\/wp\/v2\/media?parent=1383"}],"curies":[{"name":"wp","href":"https:\/\/api.w.org\/{rel}","templated":true}]}}