{"id":1374,"date":"2019-01-16T19:01:59","date_gmt":"2019-01-16T19:01:59","guid":{"rendered":"https:\/\/gdp.cat\/?page_id=1374"},"modified":"2019-01-16T19:43:26","modified_gmt":"2019-01-16T19:43:26","slug":"planta-de-reciclatge-de-runes-i-gestio-de-residus","status":"publish","type":"page","link":"https:\/\/gdp.cat\/ca\/planta-de-reciclatge-de-runes-i-gestio-de-residus\/","title":{"rendered":"Planta de reciclatge de runes i gesti\u00f3 de residus"},"content":{"rendered":"<p>[vc_row css=&#8221;.vc_custom_1538086938647{margin-bottom: 0px !important;border-bottom-width: 0px !important;padding-bottom: 0px !important;}&#8221;][vc_column width=&#8221;1\/2&#8243; css=&#8221;.vc_custom_1538086972618{margin-bottom: 0px !important;border-bottom-width: 0px !important;padding-bottom: 0px !important;}&#8221;]<div id=\"ultimate-heading-5676a09980091449\" class=\"uvc-heading ult-adjust-bottom-margin ultimate-heading-5676a09980091449 uvc-3742 \" data-hspacer=\"image_only\"  data-halign=\"left\" style=\"text-align:left\"><div class=\"uvc-main-heading ult-responsive\"  data-ultimate-target='.uvc-heading.ultimate-heading-5676a09980091449 h2'  data-responsive-json-new='{\"font-size\":\"desktop:38px;\",\"line-height\":\"\"}' ><h2 style=\"font-family:&#039;Muli&#039;;font-weight:600;color:#fccc21;margin-bottom:10px;\">Planta de reciclatge de runes i gesti\u00f3 de residus<\/h2><\/div><div class=\"uvc-heading-spacer image_only\" style=\"margin-bottom:12px;\"><img src=\"https:\/\/gdp.cat\/wp-content\/uploads\/2018\/09\/separador.gif\" class=\"ultimate-headings-icon-image\" alt=\"null\" style=\"\"\/><\/div><\/div>[vc_column_text]A la planta de gesti\u00f3 de RCD\u2019S fem servir la millor maquin\u00e0ria i tecnologia, havent arribat en els \u00faltims anys a assolir una valoraci\u00f3 del 90% dels productes. Hem tornat a introduir l\u2019\u00e0rid reciclat a obres i camins, aplicant el principi de reduir, reutilitzar i reciclar.<\/p>\n<p>Amb l\u2019objectiu de caracteritzar i estandarditzar els \u00e0rids reciclats per a introduir aquests materials a les obres p\u00fabliques, v\u00e0rem ser pioners en fabricar formig\u00f3 amb aquest \u00e0rid reciclat. D\u2019aquesta manera, actualment reutilitzem la majoria dels \u00e0rids per a fabricar les nostres peces GDP i el sobrant per a restaurar les activitats extractives.[\/vc_column_text][\/vc_column][vc_column width=&#8221;1\/2&#8243;][vc_single_image image=&#8221;1304&#8243; img_size=&#8221;full&#8221;][\/vc_column][\/vc_row]<\/p>\n","protected":false},"excerpt":{"rendered":"<p>[vc_row css=&#8221;.vc_custom_1538086938647{margin-bottom: 0px !important;border-bottom-width: 0px !important;padding-bottom: 0px !important;}&#8221;][vc_column width=&#8221;1\/2&#8243; css=&#8221;.vc_custom_1538086972618{margin-bottom: 0px !important;border-bottom-width: 0px !important;padding-bottom: 0px !important;}&#8221;][vc_column_text]A la planta de gesti\u00f3 de RCD\u2019S fem servir la millor maquin\u00e0ria i tecnologia, havent arribat en els \u00faltims anys a assolir una valoraci\u00f3 del 90% dels productes. Hem tornat a introduir l\u2019\u00e0rid reciclat a obres i camins, aplicant el&hellip;<\/p>\n","protected":false},"author":1,"featured_media":0,"parent":0,"menu_order":0,"comment_status":"closed","ping_status":"closed","template":"","meta":[],"_links":{"self":[{"href":"https:\/\/gdp.cat\/ca\/wp-json\/wp\/v2\/pages\/1374"}],"collection":[{"href":"https:\/\/gdp.cat\/ca\/wp-json\/wp\/v2\/pages"}],"about":[{"href":"https:\/\/gdp.cat\/ca\/wp-json\/wp\/v2\/types\/page"}],"author":[{"embeddable":true,"href":"https:\/\/gdp.cat\/ca\/wp-json\/wp\/v2\/users\/1"}],"replies":[{"embeddable":true,"href":"https:\/\/gdp.cat\/ca\/wp-json\/wp\/v2\/comments?post=1374"}],"version-history":[{"count":2,"href":"https:\/\/gdp.cat\/ca\/wp-json\/wp\/v2\/pages\/1374\/revisions"}],"predecessor-version":[{"id":1441,"href":"https:\/\/gdp.cat\/ca\/wp-json\/wp\/v2\/pages\/1374\/revisions\/1441"}],"wp:attachment":[{"href":"https:\/\/gdp.cat\/ca\/wp-json\/wp\/v2\/media?parent=1374"}],"curies":[{"name":"wp","href":"https:\/\/api.w.org\/{rel}","templated":true}]}}