{"id":1369,"date":"2019-01-16T18:59:44","date_gmt":"2019-01-16T18:59:44","guid":{"rendered":"https:\/\/gdp.cat\/?page_id=1369"},"modified":"2019-01-16T19:38:12","modified_gmt":"2019-01-16T19:38:12","slug":"presentacio","status":"publish","type":"page","link":"https:\/\/gdp.cat\/ca\/presentacio\/","title":{"rendered":"Presentaci\u00f3"},"content":{"rendered":"<p>[vc_row css=&#8221;.vc_custom_1538086938647{margin-bottom: 0px !important;border-bottom-width: 0px !important;padding-bottom: 0px !important;}&#8221;][vc_column css=&#8221;.vc_custom_1538086972618{margin-bottom: 0px !important;border-bottom-width: 0px !important;padding-bottom: 0px !important;}&#8221;]<div id=\"ultimate-heading-42869fc1736aeb65\" class=\"uvc-heading ult-adjust-bottom-margin ultimate-heading-42869fc1736aeb65 uvc-1871 \" data-hspacer=\"image_only\"  data-halign=\"left\" style=\"text-align:left\"><div class=\"uvc-main-heading ult-responsive\"  data-ultimate-target='.uvc-heading.ultimate-heading-42869fc1736aeb65 h2'  data-responsive-json-new='{\"font-size\":\"desktop:38px;\",\"line-height\":\"\"}' ><h2 style=\"font-family:&#039;Muli&#039;;font-weight:600;color:#fccc21;margin-bottom:10px;\">Qui som<\/h2><\/div><div class=\"uvc-heading-spacer image_only\" style=\"margin-bottom:12px;\"><img src=\"https:\/\/gdp.cat\/wp-content\/uploads\/2018\/09\/separador.gif\" class=\"ultimate-headings-icon-image\" alt=\"null\" style=\"\"\/><\/div><\/div>[\/vc_column][\/vc_row][vc_row type=&#8221;vc_default&#8221; css=&#8221;.vc_custom_1538086930918{margin-top: 0px !important;border-top-width: 0px !important;padding-top: 0px !important;padding-bottom: 40px !important;}&#8221;][vc_column width=&#8221;1\/2&#8243; css=&#8221;.vc_custom_1538086999448{margin-top: 0px !important;border-top-width: 0px !important;padding-top: 0px !important;}&#8221;][vc_column_text]<strong>GDP Recycling Process<\/strong> \u00e9s el resultat de m\u00e9s de 50 anys al servei de les obres p\u00fabliques i privades, el moviment de les terres i la desconstrucci\u00f3, i el reciclatge de residus d\u2019obres.<\/p>\n<p>El nostre comprom\u00eds amb el medi ambient ens va portar a fer una gran inversi\u00f3 en I+D+i+R per desenvolupar una construcci\u00f3 m\u00e9s sostenible i, gr\u00e0cies a aix\u00f2, l\u2019any 2003 v\u00e0rem ser pioners a Europa en utilitzar \u00e0rid reciclat per a la fabricaci\u00f3 de peces de formig\u00f3, per a murs de contenci\u00f3, tancaments i mobiliari antiencastament.<\/p>\n<p>Des de llavors, la nostra missi\u00f3 ha estat oferir, mantenir i millorar cont\u00ednuament els nostres productes i serveis per a satisfer les necessitats dels nostres clients.<\/p>\n<p>Per aquesta obstinaci\u00f3 en substituir l\u2019\u00e0rid natural per un \u00e0rid totalment reciclat, procedent del tractament i la revaloralitzaci\u00f3 dels residus de la construcci\u00f3, se\u2019ns considera un gran exemple d\u2019economia circular (desenvolupament sostenible, ambiental, social i econ\u00f2mic), que tanca el cercle del reciclatge de runes.[\/vc_column_text][\/vc_column][vc_column width=&#8221;1\/2&#8243; css=&#8221;.vc_custom_1538087008230{margin-top: 0px !important;border-top-width: 0px !important;padding-top: 0px !important;padding-bottom: 30px !important;}&#8221;][vc_single_image image=&#8221;976&#8243; img_size=&#8221;full&#8221;][vc_column_text]Un model d\u2019economia en auge on la reutilitzaci\u00f3 i el m\u00e0xim aprofitament s\u00f3n els elements principals, per poder reduir el consum, el malbaratament de mat\u00e8ries primes, l\u2019aigua i les fonts d\u2019energia.[\/vc_column_text][\/vc_column][\/vc_row]<\/p>\n","protected":false},"excerpt":{"rendered":"<p>[vc_row css=&#8221;.vc_custom_1538086938647{margin-bottom: 0px !important;border-bottom-width: 0px !important;padding-bottom: 0px !important;}&#8221;][vc_column css=&#8221;.vc_custom_1538086972618{margin-bottom: 0px !important;border-bottom-width: 0px !important;padding-bottom: 0px !important;}&#8221;][\/vc_column][\/vc_row][vc_row type=&#8221;vc_default&#8221; css=&#8221;.vc_custom_1538086930918{margin-top: 0px !important;border-top-width: 0px !important;padding-top: 0px !important;padding-bottom: 40px !important;}&#8221;][vc_column width=&#8221;1\/2&#8243; css=&#8221;.vc_custom_1538086999448{margin-top: 0px !important;border-top-width: 0px !important;padding-top: 0px !important;}&#8221;][vc_column_text]GDP Recycling Process \u00e9s el resultat de m\u00e9s de 50 anys al servei de les obres p\u00fabliques i privades, el moviment de les&hellip;<\/p>\n","protected":false},"author":1,"featured_media":0,"parent":0,"menu_order":0,"comment_status":"closed","ping_status":"closed","template":"","meta":[],"_links":{"self":[{"href":"https:\/\/gdp.cat\/ca\/wp-json\/wp\/v2\/pages\/1369"}],"collection":[{"href":"https:\/\/gdp.cat\/ca\/wp-json\/wp\/v2\/pages"}],"about":[{"href":"https:\/\/gdp.cat\/ca\/wp-json\/wp\/v2\/types\/page"}],"author":[{"embeddable":true,"href":"https:\/\/gdp.cat\/ca\/wp-json\/wp\/v2\/users\/1"}],"replies":[{"embeddable":true,"href":"https:\/\/gdp.cat\/ca\/wp-json\/wp\/v2\/comments?post=1369"}],"version-history":[{"count":3,"href":"https:\/\/gdp.cat\/ca\/wp-json\/wp\/v2\/pages\/1369\/revisions"}],"predecessor-version":[{"id":1428,"href":"https:\/\/gdp.cat\/ca\/wp-json\/wp\/v2\/pages\/1369\/revisions\/1428"}],"wp:attachment":[{"href":"https:\/\/gdp.cat\/ca\/wp-json\/wp\/v2\/media?parent=1369"}],"curies":[{"name":"wp","href":"https:\/\/api.w.org\/{rel}","templated":true}]}}